{"id":326,"date":"2024-01-02T16:37:16","date_gmt":"2024-01-02T16:37:16","guid":{"rendered":"https:\/\/aroundsportbcn.com\/?page_id=326"},"modified":"2024-01-09T01:01:06","modified_gmt":"2024-01-09T01:01:06","slug":"quienes-somos-fra","status":"publish","type":"page","link":"https:\/\/aroundsportbcn.com\/index.php\/fr\/quienes-somos-fra\/","title":{"rendered":"QUI\u00c9NES SOMOS &#8211; FRA"},"content":{"rendered":"\t\t<div data-elementor-type=\"wp-page\" data-elementor-id=\"326\" class=\"elementor elementor-326\">\n\t\t\t\t\t\t\t<div class=\"elementor-element elementor-element-02df4cd e-flex e-con-boxed elementor-invisible e-con e-parent\" data-id=\"02df4cd\" data-element_type=\"container\" data-settings=\"{&quot;background_background&quot;:&quot;classic&quot;,&quot;animation&quot;:&quot;fadeInUp&quot;,&quot;content_width&quot;:&quot;boxed&quot;}\" data-core-v316-plus=\"true\">\n\t\t\t\t\t<div class=\"e-con-inner\">\n\t\t\t\t<div class=\"elementor-element elementor-element-9a8b85c elementor-widget elementor-widget-heading\" data-id=\"9a8b85c\" data-element_type=\"widget\" data-widget_type=\"heading.default\">\n\t\t\t\t<div class=\"elementor-widget-container\">\n\t\t\t<style>\/*! elementor - v3.18.0 - 20-12-2023 *\/\n.elementor-heading-title{padding:0;margin:0;line-height:1}.elementor-widget-heading .elementor-heading-title[class*=elementor-size-]>a{color:inherit;font-size:inherit;line-height:inherit}.elementor-widget-heading .elementor-heading-title.elementor-size-small{font-size:15px}.elementor-widget-heading .elementor-heading-title.elementor-size-medium{font-size:19px}.elementor-widget-heading .elementor-heading-title.elementor-size-large{font-size:29px}.elementor-widget-heading .elementor-heading-title.elementor-size-xl{font-size:39px}.elementor-widget-heading .elementor-heading-title.elementor-size-xxl{font-size:59px}<\/style><h2 class=\"elementor-heading-title elementor-size-xl\">\u00c0 PROPOS DE NOUS<\/h2>\t\t<\/div>\n\t\t\t\t<\/div>\n\t\t\t\t\t<\/div>\n\t\t\t\t<\/div>\n\t\t<div class=\"elementor-element elementor-element-457ed16 e-con-full e-flex elementor-invisible e-con e-parent\" data-id=\"457ed16\" data-element_type=\"container\" data-settings=\"{&quot;animation&quot;:&quot;fadeInUp&quot;,&quot;content_width&quot;:&quot;full&quot;}\" data-core-v316-plus=\"true\">\n\t\t\t\t<div class=\"elementor-element elementor-element-0823404 elementor-widget__width-initial elementor-widget elementor-widget-video\" data-id=\"0823404\" data-element_type=\"widget\" data-settings=\"{&quot;video_type&quot;:&quot;hosted&quot;,&quot;autoplay&quot;:&quot;yes&quot;,&quot;mute&quot;:&quot;yes&quot;,&quot;loop&quot;:&quot;yes&quot;}\" data-widget_type=\"video.default\">\n\t\t\t\t<div class=\"elementor-widget-container\">\n\t\t\t<style>\/*! elementor - v3.18.0 - 20-12-2023 *\/\n.elementor-widget-video .elementor-widget-container{overflow:hidden;transform:translateZ(0)}.elementor-widget-video .elementor-wrapper{aspect-ratio:var(--video-aspect-ratio)}.elementor-widget-video .elementor-wrapper iframe,.elementor-widget-video .elementor-wrapper video{height:100%;width:100%;display:flex;border:none;background-color:#000}@supports not (aspect-ratio:1\/1){.elementor-widget-video .elementor-wrapper{position:relative;overflow:hidden;height:0;padding-bottom:calc(100% \/ var(--video-aspect-ratio))}.elementor-widget-video .elementor-wrapper iframe,.elementor-widget-video .elementor-wrapper video{position:absolute;top:0;right:0;bottom:0;left:0}}.elementor-widget-video .elementor-open-inline .elementor-custom-embed-image-overlay{position:absolute;top:0;right:0;bottom:0;left:0;background-size:cover;background-position:50%}.elementor-widget-video .elementor-custom-embed-image-overlay{cursor:pointer;text-align:center}.elementor-widget-video .elementor-custom-embed-image-overlay:hover .elementor-custom-embed-play i{opacity:1}.elementor-widget-video .elementor-custom-embed-image-overlay img{display:block;width:100%;aspect-ratio:var(--video-aspect-ratio);-o-object-fit:cover;object-fit:cover;-o-object-position:center center;object-position:center center}@supports not (aspect-ratio:1\/1){.elementor-widget-video .elementor-custom-embed-image-overlay{position:relative;overflow:hidden;height:0;padding-bottom:calc(100% \/ var(--video-aspect-ratio))}.elementor-widget-video .elementor-custom-embed-image-overlay img{position:absolute;top:0;right:0;bottom:0;left:0}}.elementor-widget-video .e-hosted-video .elementor-video{-o-object-fit:cover;object-fit:cover}.e-con-inner>.elementor-widget-video,.e-con>.elementor-widget-video{width:var(--container-widget-width);--flex-grow:var(--container-widget-flex-grow)}<\/style>\t\t<div class=\"e-hosted-video elementor-wrapper elementor-open-inline\">\n\t\t\t\t\t<video class=\"elementor-video\" src=\"http:\/\/aroundsportbcn.com\/wp-content\/uploads\/2024\/01\/file.mp4\" autoplay=\"\" loop=\"\" muted=\"muted\" controlsList=\"nodownload\"><\/video>\n\t\t\t\t<\/div>\n\t\t\t\t<\/div>\n\t\t\t\t<\/div>\n\t\t<div class=\"elementor-element elementor-element-80eb179 e-con-full e-flex e-con e-child\" data-id=\"80eb179\" data-element_type=\"container\" data-settings=\"{&quot;content_width&quot;:&quot;full&quot;}\">\n\t\t\t\t<div class=\"elementor-element elementor-element-bbb1686 elementor-view-default elementor-widget elementor-widget-icon\" data-id=\"bbb1686\" data-element_type=\"widget\" data-widget_type=\"icon.default\">\n\t\t\t\t<div class=\"elementor-widget-container\">\n\t\t\t\t\t<div class=\"elementor-icon-wrapper\">\n\t\t\t<div class=\"elementor-icon\">\n\t\t\t<i aria-hidden=\"true\" class=\"fas fa-users\"><\/i>\t\t\t<\/div>\n\t\t<\/div>\n\t\t\t\t<\/div>\n\t\t\t\t<\/div>\n\t\t\t\t<div class=\"elementor-element elementor-element-bf85cb0 elementor-widget elementor-widget-text-editor\" data-id=\"bf85cb0\" data-element_type=\"widget\" data-widget_type=\"text-editor.default\">\n\t\t\t\t<div class=\"elementor-widget-container\">\n\t\t\t<style>\/*! elementor - v3.18.0 - 20-12-2023 *\/\n.elementor-widget-text-editor.elementor-drop-cap-view-stacked .elementor-drop-cap{background-color:#69727d;color:#fff}.elementor-widget-text-editor.elementor-drop-cap-view-framed .elementor-drop-cap{color:#69727d;border:3px solid;background-color:transparent}.elementor-widget-text-editor:not(.elementor-drop-cap-view-default) .elementor-drop-cap{margin-top:8px}.elementor-widget-text-editor:not(.elementor-drop-cap-view-default) .elementor-drop-cap-letter{width:1em;height:1em}.elementor-widget-text-editor .elementor-drop-cap{float:left;text-align:center;line-height:1;font-size:50px}.elementor-widget-text-editor .elementor-drop-cap-letter{display:inline-block}<\/style>\t\t\t\tNous sommes une entreprise sp\u00e9cialis\u00e9e dans l&rsquo;organisation d&rsquo;<strong><span style=\"color: #1b4389;\">\u00e9v\u00e9nements sportifs<\/span><\/strong>, que ce soit pour notre propre compte ou pour d&rsquo;autres entreprises. Forts d&rsquo;une <strong><span style=\"color: #1b4389;\">exp\u00e9rience \u00e9tendue<\/span><\/strong> dans le secteur, nous nous consacrons \u00e0 offrir des exp\u00e9riences sportives uniques, allant de tournois <strong><span style=\"color: #1b4389;\">palpitants<\/span><\/strong> \u00e0 des camps d&rsquo;entra\u00eenement et des stages sportifs.\t\t\t\t\t\t<\/div>\n\t\t\t\t<\/div>\n\t\t\t\t<\/div>\n\t\t\t\t<\/div>\n\t\t<div class=\"elementor-element elementor-element-11259f7 e-flex e-con-boxed elementor-invisible e-con e-parent\" data-id=\"11259f7\" data-element_type=\"container\" data-settings=\"{&quot;background_background&quot;:&quot;classic&quot;,&quot;animation&quot;:&quot;fadeInUp&quot;,&quot;content_width&quot;:&quot;boxed&quot;}\" data-core-v316-plus=\"true\">\n\t\t\t\t\t<div class=\"e-con-inner\">\n\t\t<div class=\"elementor-element elementor-element-473839f e-con-full e-flex e-con e-child\" data-id=\"473839f\" data-element_type=\"container\" data-settings=\"{&quot;content_width&quot;:&quot;full&quot;}\">\n\t\t\t\t<div class=\"elementor-element elementor-element-899b43b elementor-view-default elementor-widget elementor-widget-icon\" data-id=\"899b43b\" data-element_type=\"widget\" data-widget_type=\"icon.default\">\n\t\t\t\t<div class=\"elementor-widget-container\">\n\t\t\t\t\t<div class=\"elementor-icon-wrapper\">\n\t\t\t<div class=\"elementor-icon\">\n\t\t\t<i aria-hidden=\"true\" class=\"fas fa-map-marker-alt\"><\/i>\t\t\t<\/div>\n\t\t<\/div>\n\t\t\t\t<\/div>\n\t\t\t\t<\/div>\n\t\t\t\t<div class=\"elementor-element elementor-element-7b37196 elementor-widget__width-initial elementor-widget elementor-widget-text-editor\" data-id=\"7b37196\" data-element_type=\"widget\" data-widget_type=\"text-editor.default\">\n\t\t\t\t<div class=\"elementor-widget-container\">\n\t\t\t\t\t\t\tNotre emplacement dans un environnement <strong>exceptionnel<\/strong> est une partie vitale de notre mission. Nous encourageons le tourisme dans <strong>notre r\u00e9gion<\/strong>, car elle offre un <strong>cadre id\u00e9al<\/strong> pour tous les \u00e9v\u00e9nements que nous organisons.\t\t\t\t\t\t<\/div>\n\t\t\t\t<\/div>\n\t\t\t\t<\/div>\n\t\t\t\t<div class=\"elementor-element elementor-element-0d092df elementor-widget elementor-widget-image\" data-id=\"0d092df\" data-element_type=\"widget\" data-widget_type=\"image.default\">\n\t\t\t\t<div class=\"elementor-widget-container\">\n\t\t\t<style>\/*! elementor - v3.18.0 - 20-12-2023 *\/\n.elementor-widget-image{text-align:center}.elementor-widget-image a{display:inline-block}.elementor-widget-image a img[src$=\".svg\"]{width:48px}.elementor-widget-image img{vertical-align:middle;display:inline-block}<\/style>\t\t\t\t\t\t\t\t\t\t\t\t<img fetchpriority=\"high\" decoding=\"async\" width=\"640\" height=\"480\" src=\"https:\/\/aroundsportbcn.com\/wp-content\/uploads\/2024\/01\/paula-de-la-pava-nieto-gbFlyBtV3Z4-unsplash-1.jpg\" class=\"attachment-large size-large wp-image-311\" alt=\"\" srcset=\"https:\/\/aroundsportbcn.com\/wp-content\/uploads\/2024\/01\/paula-de-la-pava-nieto-gbFlyBtV3Z4-unsplash-1.jpg 640w, https:\/\/aroundsportbcn.com\/wp-content\/uploads\/2024\/01\/paula-de-la-pava-nieto-gbFlyBtV3Z4-unsplash-1-300x225.jpg 300w\" sizes=\"(max-width: 640px) 100vw, 640px\" \/>\t\t\t\t\t\t\t\t\t\t\t\t\t\t\t<\/div>\n\t\t\t\t<\/div>\n\t\t\t\t\t<\/div>\n\t\t\t\t<\/div>\n\t\t<div class=\"elementor-element elementor-element-2f1c980 e-flex e-con-boxed elementor-invisible e-con e-parent\" data-id=\"2f1c980\" data-element_type=\"container\" data-settings=\"{&quot;animation&quot;:&quot;fadeInUp&quot;,&quot;content_width&quot;:&quot;boxed&quot;}\" data-core-v316-plus=\"true\">\n\t\t\t\t\t<div class=\"e-con-inner\">\n\t\t\t\t<div class=\"elementor-element elementor-element-dcb4773 elementor-widget elementor-widget-image\" data-id=\"dcb4773\" data-element_type=\"widget\" data-widget_type=\"image.default\">\n\t\t\t\t<div class=\"elementor-widget-container\">\n\t\t\t\t\t\t\t\t\t\t\t\t\t\t\t<img decoding=\"async\" width=\"1024\" height=\"683\" src=\"https:\/\/aroundsportbcn.com\/wp-content\/uploads\/2024\/01\/giorgio-trovato-iP4Ju2-4paQ-unsplash-1024x683.jpg\" class=\"attachment-large size-large wp-image-1924\" alt=\"\" srcset=\"https:\/\/aroundsportbcn.com\/wp-content\/uploads\/2024\/01\/giorgio-trovato-iP4Ju2-4paQ-unsplash-1024x683.jpg 1024w, https:\/\/aroundsportbcn.com\/wp-content\/uploads\/2024\/01\/giorgio-trovato-iP4Ju2-4paQ-unsplash-300x200.jpg 300w, https:\/\/aroundsportbcn.com\/wp-content\/uploads\/2024\/01\/giorgio-trovato-iP4Ju2-4paQ-unsplash-768x512.jpg 768w, https:\/\/aroundsportbcn.com\/wp-content\/uploads\/2024\/01\/giorgio-trovato-iP4Ju2-4paQ-unsplash-1536x1024.jpg 1536w, https:\/\/aroundsportbcn.com\/wp-content\/uploads\/2024\/01\/giorgio-trovato-iP4Ju2-4paQ-unsplash-2048x1365.jpg 2048w, https:\/\/aroundsportbcn.com\/wp-content\/uploads\/2024\/01\/giorgio-trovato-iP4Ju2-4paQ-unsplash-930x620.jpg 930w\" sizes=\"(max-width: 1024px) 100vw, 1024px\" \/>\t\t\t\t\t\t\t\t\t\t\t\t\t\t\t<\/div>\n\t\t\t\t<\/div>\n\t\t<div class=\"elementor-element elementor-element-dab4c45 e-con-full e-flex e-con e-child\" data-id=\"dab4c45\" data-element_type=\"container\" data-settings=\"{&quot;content_width&quot;:&quot;full&quot;}\">\n\t\t\t\t<div class=\"elementor-element elementor-element-ed87a7d elementor-view-default elementor-widget elementor-widget-icon\" data-id=\"ed87a7d\" data-element_type=\"widget\" data-widget_type=\"icon.default\">\n\t\t\t\t<div class=\"elementor-widget-container\">\n\t\t\t\t\t<div class=\"elementor-icon-wrapper\">\n\t\t\t<div class=\"elementor-icon\">\n\t\t\t<i aria-hidden=\"true\" class=\"fas fa-home\"><\/i>\t\t\t<\/div>\n\t\t<\/div>\n\t\t\t\t<\/div>\n\t\t\t\t<\/div>\n\t\t\t\t<div class=\"elementor-element elementor-element-21bd002 elementor-widget elementor-widget-text-editor\" data-id=\"21bd002\" data-element_type=\"widget\" data-widget_type=\"text-editor.default\">\n\t\t\t\t<div class=\"elementor-widget-container\">\n\t\t\t\t\t\t\tNous g\u00e9rons \u00e9galement des \u00e9v\u00e9nements dans le\npays d&rsquo;origine, en fusionnant le <strong><span style=\"color: #1b4389;\">sport et\nl&rsquo;environnement<\/span><\/strong> pour cr\u00e9er des exp\u00e9riences <strong><span style=\"color: #1b4389;\">inoubliables<\/span><\/strong> \u00e0 l&rsquo;\u00e9chelle mondiale.\t\t\t\t\t\t\t<\/div>\n\t\t\t\t<\/div>\n\t\t\t\t<\/div>\n\t\t\t\t\t<\/div>\n\t\t\t\t<\/div>\n\t\t\t\t\t\t\t<\/div>\n\t\t","protected":false},"excerpt":{"rendered":"<p>\u00c0 PROPOS DE NOUS http:\/\/aroundsportbcn.com\/wp-content\/uploads\/2024\/01\/file.mp4 Nous sommes une entreprise sp\u00e9cialis\u00e9e dans l&rsquo;organisation d&rsquo;\u00e9v\u00e9nements sportifs, que ce soit pour notre propre compte ou pour d&rsquo;autres entreprises. Forts d&rsquo;une exp\u00e9rience \u00e9tendue dans le secteur, nous nous consacrons \u00e0 offrir des exp\u00e9riences sportives uniques, allant de tournois palpitants \u00e0 des camps d&rsquo;entra\u00eenement et des stages sportifs. Notre emplacement&hellip;&nbsp;<a href=\"https:\/\/aroundsportbcn.com\/index.php\/fr\/quienes-somos-fra\/\" class=\"\" rel=\"bookmark\">Leer m\u00e1s &raquo;<span class=\"screen-reader-text\">QUI\u00c9NES SOMOS &#8211; FRA<\/span><\/a><\/p>\n","protected":false},"author":1,"featured_media":0,"parent":0,"menu_order":0,"comment_status":"closed","ping_status":"closed","template":"elementor_header_footer","meta":{"neve_meta_sidebar":"","neve_meta_container":"","neve_meta_enable_content_width":"on","neve_meta_content_width":100,"neve_meta_title_alignment":"","neve_meta_author_avatar":"","neve_post_elements_order":"","neve_meta_disable_header":"","neve_meta_disable_footer":"","neve_meta_disable_title":"on","footnotes":""},"class_list":["post-326","page","type-page","status-publish","hentry"],"_links":{"self":[{"href":"https:\/\/aroundsportbcn.com\/index.php\/wp-json\/wp\/v2\/pages\/326","targetHints":{"allow":["GET"]}}],"collection":[{"href":"https:\/\/aroundsportbcn.com\/index.php\/wp-json\/wp\/v2\/pages"}],"about":[{"href":"https:\/\/aroundsportbcn.com\/index.php\/wp-json\/wp\/v2\/types\/page"}],"author":[{"embeddable":true,"href":"https:\/\/aroundsportbcn.com\/index.php\/wp-json\/wp\/v2\/users\/1"}],"replies":[{"embeddable":true,"href":"https:\/\/aroundsportbcn.com\/index.php\/wp-json\/wp\/v2\/comments?post=326"}],"version-history":[{"count":22,"href":"https:\/\/aroundsportbcn.com\/index.php\/wp-json\/wp\/v2\/pages\/326\/revisions"}],"predecessor-version":[{"id":2301,"href":"https:\/\/aroundsportbcn.com\/index.php\/wp-json\/wp\/v2\/pages\/326\/revisions\/2301"}],"wp:attachment":[{"href":"https:\/\/aroundsportbcn.com\/index.php\/wp-json\/wp\/v2\/media?parent=326"}],"curies":[{"name":"wp","href":"https:\/\/api.w.org\/{rel}","templated":true}]}}