{"id":2622,"date":"2024-02-12T17:01:15","date_gmt":"2024-02-12T17:01:15","guid":{"rendered":"http:\/\/aroundsportbcn.com\/?page_id=2622"},"modified":"2024-02-13T15:51:20","modified_gmt":"2024-02-13T15:51:20","slug":"spanishexperience-fra","status":"publish","type":"page","link":"https:\/\/aroundsportbcn.com\/index.php\/fr\/spanishexperience-fra\/","title":{"rendered":"SPANISH EXPERIENCE CALIFORNIA &#8211; FRA"},"content":{"rendered":"\t\t<div data-elementor-type=\"wp-page\" data-elementor-id=\"2622\" class=\"elementor elementor-2622\">\n\t\t\t\t\t\t\t<div class=\"elementor-element elementor-element-2b37ccd e-con-full e-flex e-con e-parent\" data-id=\"2b37ccd\" data-element_type=\"container\" data-settings=\"{&quot;background_background&quot;:&quot;classic&quot;,&quot;content_width&quot;:&quot;full&quot;}\" data-core-v316-plus=\"true\">\n\t\t<div class=\"elementor-element elementor-element-1082059 e-flex e-con-boxed e-con e-child\" data-id=\"1082059\" data-element_type=\"container\" data-settings=\"{&quot;content_width&quot;:&quot;boxed&quot;}\">\n\t\t\t\t\t<div class=\"e-con-inner\">\n\t\t\t\t<div class=\"elementor-element elementor-element-f09b85f elementor-widget elementor-widget-image\" data-id=\"f09b85f\" data-element_type=\"widget\" data-widget_type=\"image.default\">\n\t\t\t\t<div class=\"elementor-widget-container\">\n\t\t\t<style>\/*! elementor - v3.18.0 - 20-12-2023 *\/\n.elementor-widget-image{text-align:center}.elementor-widget-image a{display:inline-block}.elementor-widget-image a img[src$=\".svg\"]{width:48px}.elementor-widget-image img{vertical-align:middle;display:inline-block}<\/style>\t\t\t\t\t\t\t\t\t\t\t\t<img decoding=\"async\" width=\"300\" height=\"91\" src=\"https:\/\/aroundsportbcn.com\/wp-content\/uploads\/2024\/02\/Sin-titulo-3-300x91.png\" class=\"attachment-medium size-medium wp-image-2492\" alt=\"\" srcset=\"https:\/\/aroundsportbcn.com\/wp-content\/uploads\/2024\/02\/Sin-titulo-3-300x91.png 300w, https:\/\/aroundsportbcn.com\/wp-content\/uploads\/2024\/02\/Sin-titulo-3.png 320w\" sizes=\"(max-width: 300px) 100vw, 300px\" \/>\t\t\t\t\t\t\t\t\t\t\t\t\t\t\t<\/div>\n\t\t\t\t<\/div>\n\t\t\t\t\t<\/div>\n\t\t\t\t<\/div>\n\t\t<div class=\"elementor-element elementor-element-ad4e466 e-con-full e-flex elementor-invisible e-con e-child\" data-id=\"ad4e466\" data-element_type=\"container\" data-settings=\"{&quot;content_width&quot;:&quot;full&quot;,&quot;animation&quot;:&quot;fadeInUp&quot;}\">\n\t\t<div class=\"elementor-element elementor-element-9b1914b e-flex e-con-boxed elementor-invisible e-con e-child\" data-id=\"9b1914b\" data-element_type=\"container\" data-settings=\"{&quot;animation&quot;:&quot;fadeInUp&quot;,&quot;content_width&quot;:&quot;boxed&quot;}\">\n\t\t\t\t\t<div class=\"e-con-inner\">\n\t\t\t\t<div class=\"elementor-element elementor-element-1ebb4f6 elementor-widget elementor-widget-image\" data-id=\"1ebb4f6\" data-element_type=\"widget\" data-widget_type=\"image.default\">\n\t\t\t\t<div class=\"elementor-widget-container\">\n\t\t\t\t\t\t\t\t\t\t\t\t\t\t\t<img fetchpriority=\"high\" decoding=\"async\" width=\"2560\" height=\"2560\" src=\"https:\/\/aroundsportbcn.com\/wp-content\/uploads\/2024\/02\/Freepik.com2_-scaled.jpg\" class=\"attachment-full size-full wp-image-2737\" alt=\"\" srcset=\"https:\/\/aroundsportbcn.com\/wp-content\/uploads\/2024\/02\/Freepik.com2_-scaled.jpg 2560w, https:\/\/aroundsportbcn.com\/wp-content\/uploads\/2024\/02\/Freepik.com2_-300x300.jpg 300w, https:\/\/aroundsportbcn.com\/wp-content\/uploads\/2024\/02\/Freepik.com2_-1024x1024.jpg 1024w, https:\/\/aroundsportbcn.com\/wp-content\/uploads\/2024\/02\/Freepik.com2_-150x150.jpg 150w, https:\/\/aroundsportbcn.com\/wp-content\/uploads\/2024\/02\/Freepik.com2_-768x768.jpg 768w, https:\/\/aroundsportbcn.com\/wp-content\/uploads\/2024\/02\/Freepik.com2_-1536x1536.jpg 1536w, https:\/\/aroundsportbcn.com\/wp-content\/uploads\/2024\/02\/Freepik.com2_-2048x2048.jpg 2048w\" sizes=\"(max-width: 2560px) 100vw, 2560px\" \/>\t\t\t\t\t\t\t\t\t\t\t\t\t\t\t<\/div>\n\t\t\t\t<\/div>\n\t\t\t\t<div class=\"elementor-element elementor-element-7d36ec0 elementor-widget elementor-widget-heading\" data-id=\"7d36ec0\" data-element_type=\"widget\" data-widget_type=\"heading.default\">\n\t\t\t\t<div class=\"elementor-widget-container\">\n\t\t\t<style>\/*! elementor - v3.18.0 - 20-12-2023 *\/\n.elementor-heading-title{padding:0;margin:0;line-height:1}.elementor-widget-heading .elementor-heading-title[class*=elementor-size-]>a{color:inherit;font-size:inherit;line-height:inherit}.elementor-widget-heading .elementor-heading-title.elementor-size-small{font-size:15px}.elementor-widget-heading .elementor-heading-title.elementor-size-medium{font-size:19px}.elementor-widget-heading .elementor-heading-title.elementor-size-large{font-size:29px}.elementor-widget-heading .elementor-heading-title.elementor-size-xl{font-size:39px}.elementor-widget-heading .elementor-heading-title.elementor-size-xxl{font-size:59px}<\/style><h1 class=\"elementor-heading-title elementor-size-default\">SOCCER EXPERIENCE<\/h1>\t\t<\/div>\n\t\t\t\t<\/div>\n\t\t\t\t<div class=\"elementor-element elementor-element-6e2082e elementor-widget elementor-widget-text-editor\" data-id=\"6e2082e\" data-element_type=\"widget\" data-widget_type=\"text-editor.default\">\n\t\t\t\t<div class=\"elementor-widget-container\">\n\t\t\t<style>\/*! elementor - v3.18.0 - 20-12-2023 *\/\n.elementor-widget-text-editor.elementor-drop-cap-view-stacked .elementor-drop-cap{background-color:#69727d;color:#fff}.elementor-widget-text-editor.elementor-drop-cap-view-framed .elementor-drop-cap{color:#69727d;border:3px solid;background-color:transparent}.elementor-widget-text-editor:not(.elementor-drop-cap-view-default) .elementor-drop-cap{margin-top:8px}.elementor-widget-text-editor:not(.elementor-drop-cap-view-default) .elementor-drop-cap-letter{width:1em;height:1em}.elementor-widget-text-editor .elementor-drop-cap{float:left;text-align:center;line-height:1;font-size:50px}.elementor-widget-text-editor .elementor-drop-cap-letter{display:inline-block}<\/style>\t\t\t\t<p>D\u00e9marrer une aventure dans le football en Espagne ne consiste pas seulement \u00e0 jouer au sport ; c&#8217;est une mani\u00e8re super excitante pour que les \u00e9quipes, qu&#8217;elles soient masculines, f\u00e9minines ou mixtes, plongent dans les vibrations footballistiques du pays. Ce n&#8217;est pas seulement une question de buts ; il s&#8217;agit de vivre le football \u00e0 fond.<\/p>\t\t\t\t\t\t<\/div>\n\t\t\t\t<\/div>\n\t\t<div class=\"elementor-element elementor-element-5912185 e-flex e-con-boxed e-con e-child\" data-id=\"5912185\" data-element_type=\"container\" data-settings=\"{&quot;content_width&quot;:&quot;boxed&quot;}\">\n\t\t\t\t\t<div class=\"e-con-inner\">\n\t\t\t\t<div class=\"elementor-element elementor-element-344abb8 elementor-align-center elementor-widget elementor-widget-button\" data-id=\"344abb8\" data-element_type=\"widget\" data-widget_type=\"button.default\">\n\t\t\t\t<div class=\"elementor-widget-container\">\n\t\t\t\t\t<div class=\"elementor-button-wrapper\">\n\t\t\t<a class=\"elementor-button elementor-button-link elementor-size-xs elementor-animation-grow\" href=\"https:\/\/drive.google.com\/file\/d\/1mYvNkcup2wu7gdoYjXkvJtrIWFC3gZ1Q\/view?usp=drive_link\">\n\t\t\t\t\t\t<span class=\"elementor-button-content-wrapper\">\n\t\t\t\t\t\t<span class=\"elementor-button-text\">GAR\u00c7ONS<\/span>\n\t\t<\/span>\n\t\t\t\t\t<\/a>\n\t\t<\/div>\n\t\t\t\t<\/div>\n\t\t\t\t<\/div>\n\t\t\t\t<div class=\"elementor-element elementor-element-dda5eb4 elementor-align-center elementor-widget elementor-widget-button\" data-id=\"dda5eb4\" data-element_type=\"widget\" data-widget_type=\"button.default\">\n\t\t\t\t<div class=\"elementor-widget-container\">\n\t\t\t\t\t<div class=\"elementor-button-wrapper\">\n\t\t\t<a class=\"elementor-button elementor-button-link elementor-size-xs elementor-animation-grow\" href=\"https:\/\/drive.google.com\/file\/d\/1crsWe_k-H3nRRePTESXqzSQOYo3gFLk7\/view?usp=sharing\" target=\"_blank\">\n\t\t\t\t\t\t<span class=\"elementor-button-content-wrapper\">\n\t\t\t\t\t\t<span class=\"elementor-button-text\">FILLES<\/span>\n\t\t<\/span>\n\t\t\t\t\t<\/a>\n\t\t<\/div>\n\t\t\t\t<\/div>\n\t\t\t\t<\/div>\n\t\t\t\t\t<\/div>\n\t\t\t\t<\/div>\n\t\t\t\t\t<\/div>\n\t\t\t\t<\/div>\n\t\t<div class=\"elementor-element elementor-element-409fa7f e-flex e-con-boxed elementor-invisible e-con e-child\" data-id=\"409fa7f\" data-element_type=\"container\" data-settings=\"{&quot;animation&quot;:&quot;fadeInUp&quot;,&quot;animation_delay&quot;:100,&quot;content_width&quot;:&quot;boxed&quot;}\">\n\t\t\t\t\t<div class=\"e-con-inner\">\n\t\t\t\t<div class=\"elementor-element elementor-element-4c6a0fc elementor-widget elementor-widget-image\" data-id=\"4c6a0fc\" data-element_type=\"widget\" data-widget_type=\"image.default\">\n\t\t\t\t<div class=\"elementor-widget-container\">\n\t\t\t\t\t\t\t\t\t\t\t\t\t\t\t<img decoding=\"async\" width=\"2560\" height=\"2560\" src=\"https:\/\/aroundsportbcn.com\/wp-content\/uploads\/2024\/02\/Freepik.com1_-scaled.jpg\" class=\"attachment-full size-full wp-image-2736\" alt=\"\" srcset=\"https:\/\/aroundsportbcn.com\/wp-content\/uploads\/2024\/02\/Freepik.com1_-scaled.jpg 2560w, https:\/\/aroundsportbcn.com\/wp-content\/uploads\/2024\/02\/Freepik.com1_-300x300.jpg 300w, https:\/\/aroundsportbcn.com\/wp-content\/uploads\/2024\/02\/Freepik.com1_-1024x1024.jpg 1024w, https:\/\/aroundsportbcn.com\/wp-content\/uploads\/2024\/02\/Freepik.com1_-150x150.jpg 150w, https:\/\/aroundsportbcn.com\/wp-content\/uploads\/2024\/02\/Freepik.com1_-768x768.jpg 768w, https:\/\/aroundsportbcn.com\/wp-content\/uploads\/2024\/02\/Freepik.com1_-1536x1536.jpg 1536w, https:\/\/aroundsportbcn.com\/wp-content\/uploads\/2024\/02\/Freepik.com1_-2048x2048.jpg 2048w\" sizes=\"(max-width: 2560px) 100vw, 2560px\" \/>\t\t\t\t\t\t\t\t\t\t\t\t\t\t\t<\/div>\n\t\t\t\t<\/div>\n\t\t\t\t<div class=\"elementor-element elementor-element-a97ac54 elementor-widget elementor-widget-heading\" data-id=\"a97ac54\" data-element_type=\"widget\" data-widget_type=\"heading.default\">\n\t\t\t\t<div class=\"elementor-widget-container\">\n\t\t\t<h1 class=\"elementor-heading-title elementor-size-default\">LANGUAGE DISCOVERY<\/h1>\t\t<\/div>\n\t\t\t\t<\/div>\n\t\t\t\t<div class=\"elementor-element elementor-element-046c2fc elementor-widget elementor-widget-text-editor\" data-id=\"046c2fc\" data-element_type=\"widget\" data-widget_type=\"text-editor.default\">\n\t\t\t\t<div class=\"elementor-widget-container\">\n\t\t\t\t\t\t\t<p>Iniciar une aventure en espagnol ne consiste pas seulement \u00e0 apprendre la langue ; c&#8217;est une fa\u00e7on super amusante pour que les enfants plongent dans les vibrations espagnoles. Imaginez discuter avec les habitants, d\u00e9guster de d\u00e9licieuses tapas et danser au rythme de la musique de rue anim\u00e9e. Ce n&#8217;est pas seulement une question de mots ; il s&#8217;agit de vivre la langue.<\/p>\t\t\t\t\t\t<\/div>\n\t\t\t\t<\/div>\n\t\t<div class=\"elementor-element elementor-element-5cbac5e e-flex e-con-boxed e-con e-child\" data-id=\"5cbac5e\" data-element_type=\"container\" data-settings=\"{&quot;content_width&quot;:&quot;boxed&quot;}\">\n\t\t\t\t\t<div class=\"e-con-inner\">\n\t\t\t\t<div class=\"elementor-element elementor-element-936ca79 elementor-align-center elementor-widget elementor-widget-button\" data-id=\"936ca79\" data-element_type=\"widget\" data-widget_type=\"button.default\">\n\t\t\t\t<div class=\"elementor-widget-container\">\n\t\t\t\t\t<div class=\"elementor-button-wrapper\">\n\t\t\t<a class=\"elementor-button elementor-button-link elementor-size-xs elementor-animation-grow\" href=\"https:\/\/drive.google.com\/file\/d\/1oseZNtQbm9pVZz0es1WDA78iEtrhF0cW\/view?usp=sharing\" target=\"_blank\">\n\t\t\t\t\t\t<span class=\"elementor-button-content-wrapper\">\n\t\t\t\t\t\t<span class=\"elementor-button-text\">LIRE LA SUITE<\/span>\n\t\t<\/span>\n\t\t\t\t\t<\/a>\n\t\t<\/div>\n\t\t\t\t<\/div>\n\t\t\t\t<\/div>\n\t\t\t\t\t<\/div>\n\t\t\t\t<\/div>\n\t\t\t\t\t<\/div>\n\t\t\t\t<\/div>\n\t\t<div class=\"elementor-element elementor-element-f2cb598 e-flex e-con-boxed elementor-invisible e-con e-child\" data-id=\"f2cb598\" data-element_type=\"container\" data-settings=\"{&quot;animation&quot;:&quot;fadeInUp&quot;,&quot;animation_delay&quot;:100,&quot;content_width&quot;:&quot;boxed&quot;}\">\n\t\t\t\t\t<div class=\"e-con-inner\">\n\t\t\t\t<div class=\"elementor-element elementor-element-480f051 elementor-widget elementor-widget-image\" data-id=\"480f051\" data-element_type=\"widget\" data-widget_type=\"image.default\">\n\t\t\t\t<div class=\"elementor-widget-container\">\n\t\t\t\t\t\t\t\t\t\t\t\t\t\t\t<img loading=\"lazy\" decoding=\"async\" width=\"2560\" height=\"2560\" src=\"https:\/\/aroundsportbcn.com\/wp-content\/uploads\/2024\/02\/Freepik.com_-1-scaled.jpg\" class=\"attachment-full size-full wp-image-2734\" alt=\"\" srcset=\"https:\/\/aroundsportbcn.com\/wp-content\/uploads\/2024\/02\/Freepik.com_-1-scaled.jpg 2560w, https:\/\/aroundsportbcn.com\/wp-content\/uploads\/2024\/02\/Freepik.com_-1-300x300.jpg 300w, https:\/\/aroundsportbcn.com\/wp-content\/uploads\/2024\/02\/Freepik.com_-1-1024x1024.jpg 1024w, https:\/\/aroundsportbcn.com\/wp-content\/uploads\/2024\/02\/Freepik.com_-1-150x150.jpg 150w, https:\/\/aroundsportbcn.com\/wp-content\/uploads\/2024\/02\/Freepik.com_-1-768x768.jpg 768w, https:\/\/aroundsportbcn.com\/wp-content\/uploads\/2024\/02\/Freepik.com_-1-1536x1536.jpg 1536w, https:\/\/aroundsportbcn.com\/wp-content\/uploads\/2024\/02\/Freepik.com_-1-2048x2048.jpg 2048w\" sizes=\"(max-width: 2560px) 100vw, 2560px\" \/>\t\t\t\t\t\t\t\t\t\t\t\t\t\t\t<\/div>\n\t\t\t\t<\/div>\n\t\t\t\t<div class=\"elementor-element elementor-element-f0cc429 elementor-widget elementor-widget-heading\" data-id=\"f0cc429\" data-element_type=\"widget\" data-widget_type=\"heading.default\">\n\t\t\t\t<div class=\"elementor-widget-container\">\n\t\t\t<h1 class=\"elementor-heading-title elementor-size-default\">SPORT EXPERIENCE<\/h1>\t\t<\/div>\n\t\t\t\t<\/div>\n\t\t\t\t<div class=\"elementor-element elementor-element-0671a97 elementor-widget elementor-widget-text-editor\" data-id=\"0671a97\" data-element_type=\"widget\" data-widget_type=\"text-editor.default\">\n\t\t\t\t<div class=\"elementor-widget-container\">\n\t\t\t\t\t\t\t<p>Se lancer dans une aventure sportive en Espagne ne consiste pas seulement \u00e0 pratiquer le sport ; c&#8217;est une mani\u00e8re super excitante pour que les \u00e9quipes, ouvertes \u00e0 toutes les disciplines, se plongent dans les vibrations sportives du pays. Ce n&#8217;est pas seulement une question de jeu ; il s&#8217;agit de vivre le sport au maximum.<\/p>\t\t\t\t\t\t<\/div>\n\t\t\t\t<\/div>\n\t\t<div class=\"elementor-element elementor-element-135079c e-flex e-con-boxed e-con e-child\" data-id=\"135079c\" data-element_type=\"container\" data-settings=\"{&quot;content_width&quot;:&quot;boxed&quot;}\">\n\t\t\t\t\t<div class=\"e-con-inner\">\n\t\t\t\t<div class=\"elementor-element elementor-element-2110466 elementor-align-center elementor-widget elementor-widget-button\" data-id=\"2110466\" data-element_type=\"widget\" data-widget_type=\"button.default\">\n\t\t\t\t<div class=\"elementor-widget-container\">\n\t\t\t\t\t<div class=\"elementor-button-wrapper\">\n\t\t\t<a class=\"elementor-button elementor-button-link elementor-size-xs elementor-animation-grow\" href=\"https:\/\/drive.google.com\/file\/d\/1hqR-ks_zTekAuc4Ghp5lhgzNqKA4nVKe\/view?usp=sharing\" target=\"_blank\">\n\t\t\t\t\t\t<span class=\"elementor-button-content-wrapper\">\n\t\t\t\t\t\t<span class=\"elementor-button-text\">LIRE LA SUITE<\/span>\n\t\t<\/span>\n\t\t\t\t\t<\/a>\n\t\t<\/div>\n\t\t\t\t<\/div>\n\t\t\t\t<\/div>\n\t\t\t\t\t<\/div>\n\t\t\t\t<\/div>\n\t\t\t\t\t<\/div>\n\t\t\t\t<\/div>\n\t\t\t\t<\/div>\n\t\t\t\t<\/div>\n\t\t<div class=\"elementor-element elementor-element-8465437 e-flex e-con-boxed e-con e-parent\" data-id=\"8465437\" data-element_type=\"container\" data-settings=\"{&quot;content_width&quot;:&quot;boxed&quot;}\" data-core-v316-plus=\"true\">\n\t\t\t\t\t<div class=\"e-con-inner\">\n\t\t<div class=\"elementor-element elementor-element-10572b8 e-flex e-con-boxed elementor-invisible e-con e-child\" data-id=\"10572b8\" data-element_type=\"container\" data-settings=\"{&quot;animation&quot;:&quot;fadeInUp&quot;,&quot;content_width&quot;:&quot;boxed&quot;}\">\n\t\t\t\t\t<div class=\"e-con-inner\">\n\t\t\t\t<div class=\"elementor-element elementor-element-57a5b62 elementor-widget elementor-widget-heading\" data-id=\"57a5b62\" data-element_type=\"widget\" data-widget_type=\"heading.default\">\n\t\t\t\t<div class=\"elementor-widget-container\">\n\t\t\t<h2 class=\"elementor-heading-title elementor-size-default\">\nEmbarquez dans votre prochaine aventure inoubliable en <strong><span style=\"color: #1b4389;\">Espagne!<\/span><\/strong><br><br>D\u00e9couvrez une <strong><span style=\"color: #1b4389;\">qualit\u00e9 incomparable<\/span><\/strong> \u00e0 un prix abordable!<\/h2>\t\t<\/div>\n\t\t\t\t<\/div>\n\t\t\t\t\t<\/div>\n\t\t\t\t<\/div>\n\t\t\t\t\t<\/div>\n\t\t\t\t<\/div>\n\t\t<div class=\"elementor-element elementor-element-eeec56a e-flex e-con-boxed elementor-invisible e-con e-parent\" data-id=\"eeec56a\" data-element_type=\"container\" data-settings=\"{&quot;background_background&quot;:&quot;classic&quot;,&quot;animation&quot;:&quot;fadeInUp&quot;,&quot;content_width&quot;:&quot;boxed&quot;}\" data-core-v316-plus=\"true\">\n\t\t\t\t\t<div class=\"e-con-inner\">\n\t\t\t\t<div class=\"elementor-element elementor-element-4b090a5 elementor-invisible elementor-widget elementor-widget-heading\" data-id=\"4b090a5\" data-element_type=\"widget\" data-settings=\"{&quot;_animation&quot;:&quot;fadeInLeft&quot;}\" data-widget_type=\"heading.default\">\n\t\t\t\t<div class=\"elementor-widget-container\">\n\t\t\t<h2 class=\"elementor-heading-title elementor-size-xl\">Contact<\/h2>\t\t<\/div>\n\t\t\t\t<\/div>\n\t\t\t\t\t<\/div>\n\t\t\t\t<\/div>\n\t\t<div class=\"elementor-element elementor-element-cded6fd e-flex e-con-boxed e-con e-parent\" data-id=\"cded6fd\" data-element_type=\"container\" data-settings=\"{&quot;content_width&quot;:&quot;boxed&quot;}\" data-core-v316-plus=\"true\">\n\t\t\t\t\t<div class=\"e-con-inner\">\n\t\t\t\t<div class=\"elementor-element elementor-element-af9ee67 elementor-invisible elementor-widget elementor-widget-shortcode\" data-id=\"af9ee67\" data-element_type=\"widget\" data-settings=\"{&quot;_animation&quot;:&quot;fadeInLeft&quot;}\" data-widget_type=\"shortcode.default\">\n\t\t\t\t<div class=\"elementor-widget-container\">\n\t\t\t\t\t<div class=\"elementor-shortcode\"><div class=\"wpforms-container wpforms-container-full wpforms-render-modern\" id=\"wpforms-41\"><form id=\"wpforms-form-41\" class=\"wpforms-validate wpforms-form wpforms-ajax-form\" data-formid=\"41\" method=\"post\" enctype=\"multipart\/form-data\" action=\"\/index.php\/wp-json\/wp\/v2\/pages\/2622\" data-token=\"1480acd6dc35eed82f89d24f5b326379\"><noscript class=\"wpforms-error-noscript\">Por favor, activa JavaScript en tu navegador para completar este formulario.<\/noscript><div class=\"wpforms-hidden\" id=\"wpforms-error-noscript\">Por favor, activa JavaScript en tu navegador para completar este formulario.<\/div><div class=\"wpforms-field-container\"><div id=\"wpforms-41-field_0-container\" class=\"wpforms-field wpforms-field-name\" data-field-id=\"0\"><fieldset><legend class=\"wpforms-field-label\">Nom <span class=\"wpforms-required-label\" aria-hidden=\"true\">*<\/span><\/legend><div class=\"wpforms-field-row wpforms-field-medium\"><div class=\"wpforms-field-row-block wpforms-first wpforms-one-half\"><input type=\"text\" id=\"wpforms-41-field_0\" class=\"wpforms-field-name-first wpforms-field-required\" name=\"wpforms[fields][0][first]\" aria-errormessage=\"wpforms-41-field_0-error\" required><label for=\"wpforms-41-field_0\" class=\"wpforms-field-sublabel after \">Nombre<\/label><\/div><div class=\"wpforms-field-row-block wpforms-one-half\"><input type=\"text\" id=\"wpforms-41-field_0-last\" class=\"wpforms-field-name-last wpforms-field-required\" name=\"wpforms[fields][0][last]\" aria-errormessage=\"wpforms-41-field_0-last-error\" required><label for=\"wpforms-41-field_0-last\" class=\"wpforms-field-sublabel after \">Apellidos<\/label><\/div><\/div><\/fieldset><\/div><div id=\"wpforms-41-field_1-container\" class=\"wpforms-field wpforms-field-email\" data-field-id=\"1\"><label class=\"wpforms-field-label\" for=\"wpforms-41-field_1\">Adresse e-mail <span class=\"wpforms-required-label\" aria-hidden=\"true\">*<\/span><\/label><input type=\"email\" id=\"wpforms-41-field_1\" class=\"wpforms-field-medium wpforms-field-required\" name=\"wpforms[fields][1]\" spellcheck=\"false\" aria-errormessage=\"wpforms-41-field_1-error\" required><\/div><div id=\"wpforms-41-field_4-container\" class=\"wpforms-field wpforms-field-select wpforms-field-select-style-classic\" data-field-id=\"4\"><label class=\"wpforms-field-label\" for=\"wpforms-41-field_4\">Objet <span class=\"wpforms-required-label\" aria-hidden=\"true\">*<\/span><\/label><select id=\"wpforms-41-field_4\" class=\"wpforms-field-medium wpforms-field-required\" name=\"wpforms[fields][4]\" required=\"required\"><option value=\"Choisissez un \u00e9v\u00e9nement...\" >Choisissez un \u00e9v\u00e9nement...<\/option><option value=\"ASB Women&#039;s Volleyball Cup\" >ASB Women&#039;s Volleyball Cup<\/option><option value=\"ASB Futsal Costa Daurada\" >ASB Futsal Costa Daurada<\/option><option value=\"ASB Golden Coast Soccer\" >ASB Golden Coast Soccer<\/option><option value=\"ASB Campus Llu\u00eds Cort\u00e9s\" >ASB Campus Llu\u00eds Cort\u00e9s<\/option><option value=\"ASB Campus Mar\u00eda Schelegel\" >ASB Campus Mar\u00eda Schelegel<\/option><option value=\"F7 International\" >F7 International<\/option><option value=\"F5 International\" >F5 International<\/option><option value=\"Personnalisation\" >Personnalisation<\/option><option value=\"Autre\" >Autre<\/option><\/select><\/div><div id=\"wpforms-41-field_2-container\" class=\"wpforms-field wpforms-field-textarea\" data-field-id=\"2\"><label class=\"wpforms-field-label\" for=\"wpforms-41-field_2\">Commentaire ou message <span class=\"wpforms-required-label\" aria-hidden=\"true\">*<\/span><\/label><textarea id=\"wpforms-41-field_2\" class=\"wpforms-field-medium wpforms-field-required\" name=\"wpforms[fields][2]\" aria-errormessage=\"wpforms-41-field_2-error\" required><\/textarea><\/div><\/div><!-- .wpforms-field-container --><input type=\"hidden\" name=\"wpforms[recaptcha]\" value=\"\"><div class=\"wpforms-submit-container\" ><input type=\"hidden\" name=\"wpforms[id]\" value=\"41\"><input type=\"hidden\" name=\"wpforms[author]\" value=\"1\"><button type=\"submit\" name=\"wpforms[submit]\" id=\"wpforms-submit-41\" class=\"wpforms-submit background-color 1b4389\" data-alt-text=\"Envoi en curs...\" data-submit-text=\"Envoyer\" aria-live=\"assertive\" value=\"wpforms-submit\">Envoyer<\/button><img loading=\"lazy\" decoding=\"async\" src=\"https:\/\/aroundsportbcn.com\/wp-content\/plugins\/wpforms-lite\/assets\/images\/submit-spin.svg\" class=\"wpforms-submit-spinner\" style=\"display: none;\" width=\"26\" height=\"26\" alt=\"Cargando\"><\/div><\/form><\/div>  <!-- .wpforms-container -->\t<\/div>\n\t\t\t\t<\/div>\n\t\t\t\t<\/div>\n\t\t\t\t\t<\/div>\n\t\t\t\t<\/div>\n\t\t\t\t\t\t\t<\/div>\n\t\t","protected":false},"excerpt":{"rendered":"<p>SOCCER EXPERIENCE D\u00e9marrer une aventure dans le football en Espagne ne consiste pas seulement \u00e0 jouer au sport ; c&#8217;est une mani\u00e8re super excitante pour que les \u00e9quipes, qu&#8217;elles soient masculines, f\u00e9minines ou mixtes, plongent dans les vibrations footballistiques du pays. Ce n&#8217;est pas seulement une question de buts ; il s&#8217;agit de vivre le&hellip;&nbsp;<a href=\"https:\/\/aroundsportbcn.com\/index.php\/fr\/spanishexperience-fra\/\" class=\"\" rel=\"bookmark\">Leer m\u00e1s &raquo;<span class=\"screen-reader-text\">SPANISH EXPERIENCE CALIFORNIA &#8211; FRA<\/span><\/a><\/p>\n","protected":false},"author":1,"featured_media":0,"parent":0,"menu_order":0,"comment_status":"closed","ping_status":"closed","template":"page-templates\/template-pagebuilder-full-width.php","meta":{"neve_meta_sidebar":"","neve_meta_container":"","neve_meta_enable_content_width":"","neve_meta_content_width":0,"neve_meta_title_alignment":"","neve_meta_author_avatar":"","neve_post_elements_order":"","neve_meta_disable_header":"","neve_meta_disable_footer":"","neve_meta_disable_title":"","footnotes":""},"class_list":["post-2622","page","type-page","status-publish","hentry"],"_links":{"self":[{"href":"https:\/\/aroundsportbcn.com\/index.php\/wp-json\/wp\/v2\/pages\/2622","targetHints":{"allow":["GET"]}}],"collection":[{"href":"https:\/\/aroundsportbcn.com\/index.php\/wp-json\/wp\/v2\/pages"}],"about":[{"href":"https:\/\/aroundsportbcn.com\/index.php\/wp-json\/wp\/v2\/types\/page"}],"author":[{"embeddable":true,"href":"https:\/\/aroundsportbcn.com\/index.php\/wp-json\/wp\/v2\/users\/1"}],"replies":[{"embeddable":true,"href":"https:\/\/aroundsportbcn.com\/index.php\/wp-json\/wp\/v2\/comments?post=2622"}],"version-history":[{"count":40,"href":"https:\/\/aroundsportbcn.com\/index.php\/wp-json\/wp\/v2\/pages\/2622\/revisions"}],"predecessor-version":[{"id":2746,"href":"https:\/\/aroundsportbcn.com\/index.php\/wp-json\/wp\/v2\/pages\/2622\/revisions\/2746"}],"wp:attachment":[{"href":"https:\/\/aroundsportbcn.com\/index.php\/wp-json\/wp\/v2\/media?parent=2622"}],"curies":[{"name":"wp","href":"https:\/\/api.w.org\/{rel}","templated":true}]}}